{"id":132,"date":"2013-06-13T14:36:48","date_gmt":"2013-06-13T14:36:48","guid":{"rendered":"http:\/\/www.jennycornero.com\/?page_id=132"},"modified":"2026-05-03T16:54:17","modified_gmt":"2026-05-03T20:54:17","slug":"my-own-words","status":"publish","type":"page","link":"http:\/\/www.jennycornero.com\/es\/my-own-words\/","title":{"rendered":"My own words"},"content":{"rendered":"<div class=\"wp-block-ultimate-post-row ultp-block-15c64c\"><div class=\"ultp-row-wrapper\"><div class=\"ultp-row-content\">\n<div class=\"wp-block-ultimate-post-column ultp-block-880419\"><div class=\"ultp-column-wrapper\">\n<figure class=\"wp-block-gallery aligncenter has-nested-images columns-default is-cropped wp-block-gallery-1 is-layout-flex wp-block-gallery-is-layout-flex\">\n<figure class=\"wp-block-image size-large is-style-default\"><img data-recalc-dims=\"1\" loading=\"lazy\" decoding=\"async\" width=\"1000\" height=\"572\" data-attachment-id=\"138\" data-permalink=\"http:\/\/www.jennycornero.com\/es\/my-own-words\/zoes-house\/\" data-orig-file=\"https:\/\/i0.wp.com\/www.jennycornero.com\/wp-content\/uploads\/2013\/06\/zoes-house-e1748092117313.jpg?fit=2816%2C1610&amp;ssl=1\" data-orig-size=\"2816,1610\" data-comments-opened=\"1\" data-image-meta=\"{&quot;aperture&quot;:&quot;2.8&quot;,&quot;credit&quot;:&quot;&quot;,&quot;camera&quot;:&quot;Canon PowerShot SD600&quot;,&quot;caption&quot;:&quot;&quot;,&quot;created_timestamp&quot;:&quot;1180116947&quot;,&quot;copyright&quot;:&quot;&quot;,&quot;focal_length&quot;:&quot;5.8&quot;,&quot;iso&quot;:&quot;0&quot;,&quot;shutter_speed&quot;:&quot;0.00125&quot;,&quot;title&quot;:&quot;&quot;,&quot;orientation&quot;:&quot;1&quot;}\" data-image-title=\"Jenny Cornero\" data-image-description=\"\" data-image-caption=\"\" data-large-file=\"https:\/\/i0.wp.com\/www.jennycornero.com\/wp-content\/uploads\/2013\/06\/zoes-house-e1748092117313.jpg?fit=1000%2C572&amp;ssl=1\" data-id=\"138\" src=\"https:\/\/i0.wp.com\/www.jennycornero.com\/wp-content\/uploads\/2013\/06\/zoes-house-e1748092117313-1000x572.jpg?resize=1000%2C572&#038;ssl=1\" alt=\"\" class=\"wp-image-138\" srcset=\"https:\/\/i0.wp.com\/www.jennycornero.com\/wp-content\/uploads\/2013\/06\/zoes-house-e1748092117313.jpg?resize=1000%2C572&amp;ssl=1 1000w, https:\/\/i0.wp.com\/www.jennycornero.com\/wp-content\/uploads\/2013\/06\/zoes-house-e1748092117313.jpg?resize=300%2C172&amp;ssl=1 300w, https:\/\/i0.wp.com\/www.jennycornero.com\/wp-content\/uploads\/2013\/06\/zoes-house-e1748092117313.jpg?resize=525%2C300&amp;ssl=1 525w, https:\/\/i0.wp.com\/www.jennycornero.com\/wp-content\/uploads\/2013\/06\/zoes-house-e1748092117313.jpg?resize=250%2C143&amp;ssl=1 250w, https:\/\/i0.wp.com\/www.jennycornero.com\/wp-content\/uploads\/2013\/06\/zoes-house-e1748092117313.jpg?resize=1536%2C878&amp;ssl=1 1536w, https:\/\/i0.wp.com\/www.jennycornero.com\/wp-content\/uploads\/2013\/06\/zoes-house-e1748092117313.jpg?resize=2048%2C1171&amp;ssl=1 2048w\" sizes=\"auto, (max-width: 1000px) 100vw, 1000px\" \/><\/figure>\n\n\n\n<figure class=\"wp-block-image size-large\"><img data-recalc-dims=\"1\" loading=\"lazy\" decoding=\"async\" width=\"784\" height=\"600\" data-attachment-id=\"7314\" data-permalink=\"http:\/\/www.jennycornero.com\/es\/my-own-words\/img_0939\/\" data-orig-file=\"https:\/\/i0.wp.com\/www.jennycornero.com\/wp-content\/uploads\/2026\/05\/IMG_0939-scaled.jpg?fit=2560%2C1960&amp;ssl=1\" data-orig-size=\"2560,1960\" data-comments-opened=\"0\" data-image-meta=\"{&quot;aperture&quot;:&quot;0&quot;,&quot;credit&quot;:&quot;&quot;,&quot;camera&quot;:&quot;&quot;,&quot;caption&quot;:&quot;&quot;,&quot;created_timestamp&quot;:&quot;0&quot;,&quot;copyright&quot;:&quot;&quot;,&quot;focal_length&quot;:&quot;0&quot;,&quot;iso&quot;:&quot;0&quot;,&quot;shutter_speed&quot;:&quot;0&quot;,&quot;title&quot;:&quot;&quot;,&quot;orientation&quot;:&quot;0&quot;}\" data-image-title=\"IMG_0939\" data-image-description=\"\" data-image-caption=\"\" data-large-file=\"https:\/\/i0.wp.com\/www.jennycornero.com\/wp-content\/uploads\/2026\/05\/IMG_0939-scaled.jpg?fit=784%2C600&amp;ssl=1\" data-id=\"7314\" src=\"https:\/\/i0.wp.com\/www.jennycornero.com\/wp-content\/uploads\/2026\/05\/IMG_0939.jpg?resize=784%2C600&#038;ssl=1\" alt=\"\" class=\"wp-image-7314\" srcset=\"https:\/\/i0.wp.com\/www.jennycornero.com\/wp-content\/uploads\/2026\/05\/IMG_0939-scaled.jpg?resize=784%2C600&amp;ssl=1 784w, https:\/\/i0.wp.com\/www.jennycornero.com\/wp-content\/uploads\/2026\/05\/IMG_0939-scaled.jpg?resize=300%2C230&amp;ssl=1 300w, https:\/\/i0.wp.com\/www.jennycornero.com\/wp-content\/uploads\/2026\/05\/IMG_0939-scaled.jpg?resize=1536%2C1176&amp;ssl=1 1536w, https:\/\/i0.wp.com\/www.jennycornero.com\/wp-content\/uploads\/2026\/05\/IMG_0939-scaled.jpg?resize=2048%2C1568&amp;ssl=1 2048w, https:\/\/i0.wp.com\/www.jennycornero.com\/wp-content\/uploads\/2026\/05\/IMG_0939-scaled.jpg?resize=392%2C300&amp;ssl=1 392w, https:\/\/i0.wp.com\/www.jennycornero.com\/wp-content\/uploads\/2026\/05\/IMG_0939-scaled.jpg?resize=250%2C191&amp;ssl=1 250w\" sizes=\"auto, (max-width: 784px) 100vw, 784px\" \/><\/figure>\n\n\n\n<figure class=\"wp-block-image size-large\"><img data-recalc-dims=\"1\" loading=\"lazy\" decoding=\"async\" width=\"552\" height=\"600\" data-attachment-id=\"5904\" data-permalink=\"http:\/\/www.jennycornero.com\/es\/?attachment_id=5904\" data-orig-file=\"https:\/\/i0.wp.com\/www.jennycornero.com\/wp-content\/uploads\/2022\/08\/IMG_1356.jpg?fit=588%2C639&amp;ssl=1\" data-orig-size=\"588,639\" data-comments-opened=\"0\" data-image-meta=\"{&quot;aperture&quot;:&quot;0&quot;,&quot;credit&quot;:&quot;&quot;,&quot;camera&quot;:&quot;&quot;,&quot;caption&quot;:&quot;&quot;,&quot;created_timestamp&quot;:&quot;0&quot;,&quot;copyright&quot;:&quot;&quot;,&quot;focal_length&quot;:&quot;0&quot;,&quot;iso&quot;:&quot;0&quot;,&quot;shutter_speed&quot;:&quot;0&quot;,&quot;title&quot;:&quot;&quot;,&quot;orientation&quot;:&quot;1&quot;}\" data-image-title=\"jenny cornero\" data-image-description=\"\" data-image-caption=\"\" data-large-file=\"https:\/\/i0.wp.com\/www.jennycornero.com\/wp-content\/uploads\/2022\/08\/IMG_1356.jpg?fit=552%2C600&amp;ssl=1\" data-id=\"5904\" src=\"https:\/\/i0.wp.com\/www.jennycornero.com\/wp-content\/uploads\/2022\/08\/IMG_1356.jpg?resize=552%2C600&#038;ssl=1\" alt=\"\" class=\"wp-image-5904\" srcset=\"https:\/\/i0.wp.com\/www.jennycornero.com\/wp-content\/uploads\/2022\/08\/IMG_1356.jpg?resize=552%2C600&amp;ssl=1 552w, https:\/\/i0.wp.com\/www.jennycornero.com\/wp-content\/uploads\/2022\/08\/IMG_1356.jpg?resize=300%2C326&amp;ssl=1 300w, https:\/\/i0.wp.com\/www.jennycornero.com\/wp-content\/uploads\/2022\/08\/IMG_1356.jpg?resize=276%2C300&amp;ssl=1 276w, https:\/\/i0.wp.com\/www.jennycornero.com\/wp-content\/uploads\/2022\/08\/IMG_1356.jpg?resize=250%2C272&amp;ssl=1 250w, https:\/\/i0.wp.com\/www.jennycornero.com\/wp-content\/uploads\/2022\/08\/IMG_1356.jpg?resize=400%2C435&amp;ssl=1 400w, https:\/\/i0.wp.com\/www.jennycornero.com\/wp-content\/uploads\/2022\/08\/IMG_1356.jpg?w=588&amp;ssl=1 588w\" sizes=\"auto, (max-width: 552px) 100vw, 552px\" \/><\/figure>\n<\/figure>\n<\/div><\/div>\n<\/div><\/div><\/div>\n\n\n\n<div style=\"height:64px\" aria-hidden=\"true\" class=\"wp-block-spacer\"><\/div>\n\n\n\n<h2 class=\"wp-block-heading has-black-color has-text-color has-background has-link-color has-medium-font-size wp-elements-5e91a7828098cf191bdf81101fc4ab5a\" style=\"background-color:#e3ded0\"><strong>My Journey Inward<\/strong><\/h2>\n\n\n\n<p class=\"has-drop-cap has-background\" style=\"background-color:#e3ded0\">Yoga became a part of my travels into the self long before it was a trend. Growing up in Argentina within a large, diverse family, I was guided by amazing siblings and childhood memories that taught me how to approach life with an open heart.<\/p>\n\n\n\n<p class=\"has-background\" style=\"background-color:#e3ded0\">After graduating with a degree in Communications, my travels across Argentina shifted my focus from existential books and political chaos toward a direct, natural touch with life. Everything began to connect magically: the cultures, the landscapes, the roads, and the &#8220;pueblos originarios&#8221;\u2014mankind in action.<\/p>\n\n\n\n<p class=\"has-background\" style=\"background-color:#e3ded0\">While living in the Iguazu Falls rainforest, I learned from local ranchers about ecosystems and the universal law of preserving nature for all living creatures. This shifted my career into documentary filmmaking. I co-founded &#8220;Garbo,&#8221; an independent company where I wrote and filmed&nbsp;<em>Zona Franca<\/em>, a TV program dedicated to global ecology, peace, and the &#8220;strange biodiversity&#8221; of mankind.<\/p>\n\n\n\n<p class=\"has-background\" style=\"background-color:#e3ded0\">Eventually, work as a camera operator and editor for Spanish TV in South America led me to seek deeper answers through simple living and spirituality. I found Raja Yoga and Vedanta philosophy\u2014ancient scriptures that transformed my life. They taught me that human nature is divine and that we can transcend the limitations of self-identity. I began to see the &#8220;being&#8221; as an integral awareness of body, mind, and spirit\u2014a secret dimension where there is no separateness.<\/p>\n\n\n\n<p class=\"has-background\" style=\"background-color:#e3ded0\">My physical practice began in Buenos Aires with a single book. When I learned the concept of&nbsp;<em>Ahimsa<\/em>&nbsp;(non-violence), I embraced vegetarianism, realizing that awareness isn&#8217;t just about&nbsp;<em>what<\/em>&nbsp;we eat, but&nbsp;<em>how<\/em>&nbsp;we interact with the life force around us.<\/p>\n\n\n\n<p class=\"has-background\" style=\"background-color:#e3ded0\">In the mid-90s, I moved to San Francisco\u2014the land of freedom and fog\u2014and immersed myself in the Sivananda Yoga Vedanta Centre. In 1995, I traveled to their ashram in the Bahamas for Teacher Training, eventually staying for a year as staff and a teacher. It was the greatest challenge of my life to that point.<\/p>\n\n\n\n<p class=\"has-background\" style=\"background-color:#e3ded0\">From there, yoga and travel became my life. I led practices across Europe, Central America, and the United States, eventually running a studio in Antigua, Guatemala, where I had the beautiful experience of sharing yoga with the local Maya people.<\/p>\n\n\n\n<p class=\"has-text-align-left has-background has-medium-font-size\" style=\"background-color:#e3ded0\">In 2000, I returned to Buenos Aires, where my son Ian took his first breath&#8230;<\/p>\n\n\n\n<div style=\"height:32px\" aria-hidden=\"true\" class=\"wp-block-spacer\"><\/div>\n\n\n\n<h2 class=\"wp-block-heading has-black-color has-text-color has-background has-link-color has-medium-font-size wp-elements-0912b78117404972793bf27112a2ee9b\" style=\"background-color:#e3ded0\"><strong>A New Breath: From Motherhood to the Ocean<\/strong><\/h2>\n\n\n\n<p class=\"has-drop-cap has-background\" style=\"background-color:#e3ded0\">In 2000, back in Buenos Aires, my life found a deeper significance when my son, Ian, took his first breath in this world. Balancing motherhood with my devotion to yoga, I continued to lead my goal of sharing the practice as an inspirational force, traveling throughout Europe, the United States, and South America.<\/p>\n\n\n\n<p class=\"has-background\" style=\"background-color:#e3ded0\">Eventually, the path led me to&nbsp;<strong><u>Miami Beach<\/u><\/strong>, which I now call home. Though I am a city dweller by address, I often feel as if I\u2019ve spent my entire life facing the ocean. Here, I am still moving into the stillness of the blue\u2014an exploration of the unknown that keeps me grounded and inspired.<\/p>\n\n\n\n<p class=\"has-background\" style=\"background-color:#e3ded0\">My work evolved into the&nbsp;<strong>&#8220;Yoga for Health&#8221;<\/strong>&nbsp;series, a collection of programs designed to bring the healing power of Hatha Yoga into people&#8217;s homes. These series, which even reached audiences through platforms like Netflix and Amazon, focus on addressing specific conditions like anxiety, headaches, and wellness for the whole self.<\/p>\n\n\n\n<p class=\"has-background\" style=\"background-color:#e3ded0\">In 2023, my journey took a new tactile turn as I submerged myself into the world of&nbsp;<strong>sculpture<\/strong>. As an &#8220;animalier&#8221; sculptor, I work with clay to shape the life I see around my imagination. This new passion isn&#8217;t a departure from yoga; it is an extension of it. Whether I am guiding a student through a mindful breath or softening the clay of a new piece, I am practicing the same art: the art of seeing clearly, honoring our limitations, and uncovering the divine nature within us all<\/p>\n\n\n\n<div style=\"height:26px\" aria-hidden=\"true\" class=\"wp-block-spacer\"><\/div>\n\n\n\n<p class=\"has-black-color has-text-color has-background has-link-color has-medium-font-size wp-elements-f17d6b066b317549d43249f821c9e172\" style=\"background-color:#e3ded0\"><span style=\"line-height: 1.5;\"><strong><span style=\"color: #000000;\">Con mis palabras&#8230;<\/span><\/strong><\/span><\/p>\n\n\n\n<p class=\"has-black-color has-text-color has-background has-link-color has-medium-font-size wp-elements-2a77dbb038146024ad1307ad15134475\" style=\"background-color:#e3ded0\">El yoga se ha convertido en el nucleo de mis viajes hacia &#8220;El SER&#8221;. Nacida en Argentina en una \u00e9poca lejana a la tendencia <em>flower power<\/em>, crec\u00ed en una familia grande y diversa que me ense\u00f1\u00f3 a abrazar la vida, rodeada de hermanos incre\u00edbles y hermosos recuerdos. Mientras recorr\u00eda Latinoam\u00e9rica en mis tiempos libres, me gradu\u00e9 como Licenciada en Comunicaci\u00f3n. Ese camino me llev\u00f3 de los libros existencialistas, el caos pol\u00edtico y el surrealismo, directamente al toque de la vida natural y la esencia humana. Todo se conect\u00f3 m\u00e1gicamente.<\/p>\n\n\n\n<p class=\"has-black-color has-text-color has-background has-link-color wp-elements-64f280aa4a13d63a39132621c60bcf4b\" style=\"background-color:#e3ded0\">Culturas, paisajes, carreteras y pueblos originarios&#8230; \u00a1la humanidad en acci\u00f3n! Empec\u00e9 a entender el mundo maravilloso en que vivimos. Durante una estancia de meses en las Cataratas del Iguaz\u00fa, los guardaparques me ense\u00f1aron sobre ecosistemas y la necesidad de preservar la naturaleza conforme a la ley universal.<\/p>\n\n\n\n<p class=\"has-black-color has-text-color has-background has-link-color has-medium-font-size wp-elements-04fe21a1083487537458dac8bc86ea77\" style=\"background-color:#e3ded0\">Orient\u00e9 mis habilidades comunicativas hacia el formato documental y fund\u00e9 &#8220;Garbo&#8221;, una productora audiovisual independiente. Apasionada por la biodiversidad y las personas, produjimos &#8220;Zona Franca&#8221;, un programa de TV sobre ecolog\u00eda, paz y humanidad. M\u00e1s tarde, me mud\u00e9 a Buenos Aires para trabajar en la corresponsal\u00eda de Televisi\u00f3n Espa\u00f1ola en Am\u00e9rica del Sur, donde me capacit\u00e9 como c\u00e1mara y editora. Sin embargo, buscaba respuestas m\u00e1s profundas basadas en la vida sencilla y la espiritualidad. As\u00ed encontr\u00e9 el Raja Yoga y la filosof\u00eda Vedanta a trav\u00e9s de Yogi Ramacharaka, un concepto inspirador que transform\u00f3 mi vida, ense\u00f1\u00e1ndome que la naturaleza humana es divina.<\/p>","protected":false},"excerpt":{"rendered":"<p>My Journey Inward Yoga became a part of my travels into the self long before it was a trend. Growing up in Argentina within a large, diverse family, I was guided by amazing siblings and childhood memories that taught me how to approach life with an open heart. After graduating with a degree in Communications, [&hellip;]<\/p>\n","protected":false},"author":3,"featured_media":0,"parent":0,"menu_order":0,"comment_status":"closed","ping_status":"closed","template":"template-fullwidth.php","meta":{"cybocfi_hide_featured_image":"","footnotes":""},"class_list":["post-132","page","type-page","status-publish","hentry"],"yoast_head":"<!-- This site is optimized with the Yoast SEO plugin v27.5 - https:\/\/yoast.com\/product\/yoast-seo-wordpress\/ -->\n<title>My own words - Jenny Cornero \u2728\u2728 The fine art of being \u2026<\/title>\n<meta name=\"robots\" content=\"index, follow, max-snippet:-1, max-image-preview:large, max-video-preview:-1\" \/>\n<link rel=\"canonical\" href=\"https:\/\/www.jennycornero.com\/es\/my-own-words\/\" \/>\n<meta property=\"og:locale\" content=\"es_ES\" \/>\n<meta property=\"og:type\" content=\"article\" \/>\n<meta property=\"og:title\" content=\"My own words - Jenny Cornero \u2728\u2728 The fine art of being \u2026\" \/>\n<meta property=\"og:description\" content=\"My Journey Inward Yoga became a part of my travels into the self long before it was a trend. Growing up in Argentina within a large, diverse family, I was guided by amazing siblings and childhood memories that taught me how to approach life with an open heart. After graduating with a degree in Communications, [&hellip;]\" \/>\n<meta property=\"og:url\" content=\"https:\/\/www.jennycornero.com\/es\/my-own-words\/\" \/>\n<meta property=\"og:site_name\" content=\"Jenny Cornero \u2728\u2728 The fine art of being \u2026\" \/>\n<meta property=\"article:modified_time\" content=\"2026-05-03T20:54:17+00:00\" \/>\n<meta property=\"og:image\" content=\"https:\/\/www.jennycornero.com\/wp-content\/uploads\/2013\/06\/zoes-house-e1748092117313-1000x572.jpg\" \/>\n<meta name=\"twitter:card\" content=\"summary_large_image\" \/>\n<meta name=\"twitter:site\" content=\"@JennyCornero\" \/>\n<meta name=\"twitter:label1\" content=\"Tiempo de lectura\" \/>\n\t<meta name=\"twitter:data1\" content=\"5 minutos\" \/>\n<script type=\"application\/ld+json\" class=\"yoast-schema-graph\">{\"@context\":\"https:\\\/\\\/schema.org\",\"@graph\":[{\"@type\":\"WebPage\",\"@id\":\"https:\\\/\\\/www.jennycornero.com\\\/my-own-words\\\/\",\"url\":\"https:\\\/\\\/www.jennycornero.com\\\/my-own-words\\\/\",\"name\":\"My own words - Jenny Cornero \u2728\u2728 The fine art of being \u2026\",\"isPartOf\":{\"@id\":\"https:\\\/\\\/www.jennycornero.com\\\/#website\"},\"primaryImageOfPage\":{\"@id\":\"https:\\\/\\\/www.jennycornero.com\\\/my-own-words\\\/#primaryimage\"},\"image\":{\"@id\":\"https:\\\/\\\/www.jennycornero.com\\\/my-own-words\\\/#primaryimage\"},\"thumbnailUrl\":\"https:\\\/\\\/www.jennycornero.com\\\/wp-content\\\/uploads\\\/2013\\\/06\\\/zoes-house-e1748092117313-1000x572.jpg\",\"datePublished\":\"2013-06-13T14:36:48+00:00\",\"dateModified\":\"2026-05-03T20:54:17+00:00\",\"breadcrumb\":{\"@id\":\"https:\\\/\\\/www.jennycornero.com\\\/my-own-words\\\/#breadcrumb\"},\"inLanguage\":\"es-AR\",\"potentialAction\":[{\"@type\":\"ReadAction\",\"target\":[\"https:\\\/\\\/www.jennycornero.com\\\/my-own-words\\\/\"]}]},{\"@type\":\"ImageObject\",\"inLanguage\":\"es-AR\",\"@id\":\"https:\\\/\\\/www.jennycornero.com\\\/my-own-words\\\/#primaryimage\",\"url\":\"https:\\\/\\\/www.jennycornero.com\\\/wp-content\\\/uploads\\\/2013\\\/06\\\/zoes-house-e1748092117313-1000x572.jpg\",\"contentUrl\":\"https:\\\/\\\/www.jennycornero.com\\\/wp-content\\\/uploads\\\/2013\\\/06\\\/zoes-house-e1748092117313-1000x572.jpg\"},{\"@type\":\"BreadcrumbList\",\"@id\":\"https:\\\/\\\/www.jennycornero.com\\\/my-own-words\\\/#breadcrumb\",\"itemListElement\":[{\"@type\":\"ListItem\",\"position\":1,\"name\":\"Home\",\"item\":\"https:\\\/\\\/www.jennycornero.com\\\/\"},{\"@type\":\"ListItem\",\"position\":2,\"name\":\"My own words\"}]},{\"@type\":\"WebSite\",\"@id\":\"https:\\\/\\\/www.jennycornero.com\\\/#website\",\"url\":\"https:\\\/\\\/www.jennycornero.com\\\/\",\"name\":\"Jenny Cornero \u2728\u2728 The fine art of being \u2026\",\"description\":\"Align. Evolve. Be\",\"publisher\":{\"@id\":\"https:\\\/\\\/www.jennycornero.com\\\/#\\\/schema\\\/person\\\/25150179e4bd5958c01ed4d28d240078\"},\"potentialAction\":[{\"@type\":\"SearchAction\",\"target\":{\"@type\":\"EntryPoint\",\"urlTemplate\":\"https:\\\/\\\/www.jennycornero.com\\\/?s={search_term_string}\"},\"query-input\":{\"@type\":\"PropertyValueSpecification\",\"valueRequired\":true,\"valueName\":\"search_term_string\"}}],\"inLanguage\":\"es-AR\"},{\"@type\":[\"Person\",\"Organization\"],\"@id\":\"https:\\\/\\\/www.jennycornero.com\\\/#\\\/schema\\\/person\\\/25150179e4bd5958c01ed4d28d240078\",\"name\":\"Jenny Cornero\",\"logo\":{\"@id\":\"https:\\\/\\\/www.jennycornero.com\\\/#\\\/schema\\\/person\\\/image\\\/\"},\"sameAs\":[\"http:\\\/\\\/www.jennycornero.com\",\"jenny_cornero\"]}]}<\/script>\n<!-- \/ Yoast SEO plugin. -->","yoast_head_json":{"title":"My own words - Jenny Cornero \u2728\u2728 The fine art of being \u2026","robots":{"index":"index","follow":"follow","max-snippet":"max-snippet:-1","max-image-preview":"max-image-preview:large","max-video-preview":"max-video-preview:-1"},"canonical":"https:\/\/www.jennycornero.com\/es\/my-own-words\/","og_locale":"es_ES","og_type":"article","og_title":"My own words - Jenny Cornero \u2728\u2728 The fine art of being \u2026","og_description":"My Journey Inward Yoga became a part of my travels into the self long before it was a trend. Growing up in Argentina within a large, diverse family, I was guided by amazing siblings and childhood memories that taught me how to approach life with an open heart. After graduating with a degree in Communications, [&hellip;]","og_url":"https:\/\/www.jennycornero.com\/es\/my-own-words\/","og_site_name":"Jenny Cornero \u2728\u2728 The fine art of being \u2026","article_modified_time":"2026-05-03T20:54:17+00:00","og_image":[{"url":"https:\/\/www.jennycornero.com\/wp-content\/uploads\/2013\/06\/zoes-house-e1748092117313-1000x572.jpg","type":"","width":"","height":""}],"twitter_card":"summary_large_image","twitter_site":"@JennyCornero","twitter_misc":{"Tiempo de lectura":"5 minutos"},"schema":{"@context":"https:\/\/schema.org","@graph":[{"@type":"WebPage","@id":"https:\/\/www.jennycornero.com\/my-own-words\/","url":"https:\/\/www.jennycornero.com\/my-own-words\/","name":"My own words - Jenny Cornero \u2728\u2728 The fine art of being \u2026","isPartOf":{"@id":"https:\/\/www.jennycornero.com\/#website"},"primaryImageOfPage":{"@id":"https:\/\/www.jennycornero.com\/my-own-words\/#primaryimage"},"image":{"@id":"https:\/\/www.jennycornero.com\/my-own-words\/#primaryimage"},"thumbnailUrl":"https:\/\/www.jennycornero.com\/wp-content\/uploads\/2013\/06\/zoes-house-e1748092117313-1000x572.jpg","datePublished":"2013-06-13T14:36:48+00:00","dateModified":"2026-05-03T20:54:17+00:00","breadcrumb":{"@id":"https:\/\/www.jennycornero.com\/my-own-words\/#breadcrumb"},"inLanguage":"es-AR","potentialAction":[{"@type":"ReadAction","target":["https:\/\/www.jennycornero.com\/my-own-words\/"]}]},{"@type":"ImageObject","inLanguage":"es-AR","@id":"https:\/\/www.jennycornero.com\/my-own-words\/#primaryimage","url":"https:\/\/www.jennycornero.com\/wp-content\/uploads\/2013\/06\/zoes-house-e1748092117313-1000x572.jpg","contentUrl":"https:\/\/www.jennycornero.com\/wp-content\/uploads\/2013\/06\/zoes-house-e1748092117313-1000x572.jpg"},{"@type":"BreadcrumbList","@id":"https:\/\/www.jennycornero.com\/my-own-words\/#breadcrumb","itemListElement":[{"@type":"ListItem","position":1,"name":"Home","item":"https:\/\/www.jennycornero.com\/"},{"@type":"ListItem","position":2,"name":"My own words"}]},{"@type":"WebSite","@id":"https:\/\/www.jennycornero.com\/#website","url":"https:\/\/www.jennycornero.com\/","name":"Jenny Cornero \u2728\u2728 The fine art of being \u2026","description":"Align. Evolve. Be","publisher":{"@id":"https:\/\/www.jennycornero.com\/#\/schema\/person\/25150179e4bd5958c01ed4d28d240078"},"potentialAction":[{"@type":"SearchAction","target":{"@type":"EntryPoint","urlTemplate":"https:\/\/www.jennycornero.com\/?s={search_term_string}"},"query-input":{"@type":"PropertyValueSpecification","valueRequired":true,"valueName":"search_term_string"}}],"inLanguage":"es-AR"},{"@type":["Person","Organization"],"@id":"https:\/\/www.jennycornero.com\/#\/schema\/person\/25150179e4bd5958c01ed4d28d240078","name":"Jenny Cornero","logo":{"@id":"https:\/\/www.jennycornero.com\/#\/schema\/person\/image\/"},"sameAs":["http:\/\/www.jennycornero.com","jenny_cornero"]}]}},"jetpack_shortlink":"https:\/\/wp.me\/P3D5xL-28","jetpack_sharing_enabled":false,"_links":{"self":[{"href":"http:\/\/www.jennycornero.com\/es\/wp-json\/wp\/v2\/pages\/132","targetHints":{"allow":["GET"]}}],"collection":[{"href":"http:\/\/www.jennycornero.com\/es\/wp-json\/wp\/v2\/pages"}],"about":[{"href":"http:\/\/www.jennycornero.com\/es\/wp-json\/wp\/v2\/types\/page"}],"author":[{"embeddable":true,"href":"http:\/\/www.jennycornero.com\/es\/wp-json\/wp\/v2\/users\/3"}],"replies":[{"embeddable":true,"href":"http:\/\/www.jennycornero.com\/es\/wp-json\/wp\/v2\/comments?post=132"}],"version-history":[{"count":54,"href":"http:\/\/www.jennycornero.com\/es\/wp-json\/wp\/v2\/pages\/132\/revisions"}],"predecessor-version":[{"id":7354,"href":"http:\/\/www.jennycornero.com\/es\/wp-json\/wp\/v2\/pages\/132\/revisions\/7354"}],"wp:attachment":[{"href":"http:\/\/www.jennycornero.com\/es\/wp-json\/wp\/v2\/media?parent=132"}],"curies":[{"name":"wp","href":"https:\/\/api.w.org\/{rel}","templated":true}]}}